{"id":41,"date":"2024-04-04T11:36:19","date_gmt":"2024-04-04T09:36:19","guid":{"rendered":"https:\/\/gallaghers.com.es\/?page_id=41"},"modified":"2024-05-24T13:42:05","modified_gmt":"2024-05-24T11:42:05","slug":"eventos","status":"publish","type":"page","link":"https:\/\/gallaghers.com.es\/index.php\/eventos\/","title":{"rendered":"Eventos y Promociones"},"content":{"rendered":"\n<div class=\"wp-block-columns is-layout-flex wp-container-core-columns-is-layout-1 wp-block-columns-is-layout-flex\">\n<div class=\"wp-block-column has-border-color is-layout-flow wp-container-core-column-is-layout-1 wp-block-column-is-layout-flow\" style=\"border-color:#37913733;border-width:1px;padding-top:var(--wp--preset--spacing--30);padding-right:var(--wp--preset--spacing--20);padding-bottom:var(--wp--preset--spacing--30);padding-left:var(--wp--preset--spacing--20)\">\n<p class=\"has-text-align-center has-background has-medium-font-size\" style=\"background-color:#3791371f\"><strong>PROMOCIONES<\/strong><\/p>\n\n\n<ul style=\"padding-top:var(--wp--preset--spacing--40);padding-bottom:var(--wp--preset--spacing--40);\" class=\"wp-block-latest-posts__list aligncenter wp-block-latest-posts\"><li><div class=\"wp-block-latest-posts__featured-image aligncenter\"><a href=\"https:\/\/gallaghers.com.es\/index.php\/2025\/03\/21\/ganador-del-sorteo-de-six-nations-x-guinness-felicidades-y-a-seguir-disfrutando\/\" aria-label=\"Ganador del sorteo de Six Nations x Guinness. Felicidades y a seguir disfrutando!\"><img loading=\"lazy\" decoding=\"async\" width=\"240\" height=\"300\" src=\"https:\/\/gallaghers.com.es\/wp-content\/uploads\/2025\/03\/486041876_18267412072284146_6378010641418329638_n-240x300.jpg\" class=\"attachment-medium size-medium wp-post-image\" alt=\"\" style=\"max-width:200px;max-height:200px;\" srcset=\"https:\/\/gallaghers.com.es\/wp-content\/uploads\/2025\/03\/486041876_18267412072284146_6378010641418329638_n-240x300.jpg 240w, https:\/\/gallaghers.com.es\/wp-content\/uploads\/2025\/03\/486041876_18267412072284146_6378010641418329638_n-820x1024.jpg 820w, https:\/\/gallaghers.com.es\/wp-content\/uploads\/2025\/03\/486041876_18267412072284146_6378010641418329638_n-768x959.jpg 768w, https:\/\/gallaghers.com.es\/wp-content\/uploads\/2025\/03\/486041876_18267412072284146_6378010641418329638_n-50x62.jpg 50w, https:\/\/gallaghers.com.es\/wp-content\/uploads\/2025\/03\/486041876_18267412072284146_6378010641418329638_n-1229x1536.jpg 1229w, https:\/\/gallaghers.com.es\/wp-content\/uploads\/2025\/03\/486041876_18267412072284146_6378010641418329638_n.jpg 1440w\" sizes=\"(max-width: 240px) 100vw, 240px\" \/><\/a><\/div><a class=\"wp-block-latest-posts__post-title\" href=\"https:\/\/gallaghers.com.es\/index.php\/2025\/03\/21\/ganador-del-sorteo-de-six-nations-x-guinness-felicidades-y-a-seguir-disfrutando\/\">Ganador del sorteo de Six Nations x Guinness. Felicidades y a seguir disfrutando!<\/a><div class=\"wp-block-latest-posts__post-excerpt\"><\/div><\/li>\n<li><div class=\"wp-block-latest-posts__featured-image aligncenter\"><a href=\"https:\/\/gallaghers.com.es\/index.php\/2025\/03\/16\/san-patricks-2025-22-anos-celebrando-con-clientes-y-amigos\/\" aria-label=\"San Patricks 2025, 22 a\u00f1os celebrando con clientes y amigos \u2026!\"><img loading=\"lazy\" decoding=\"async\" width=\"240\" height=\"300\" src=\"https:\/\/gallaghers.com.es\/wp-content\/uploads\/2025\/03\/484086414_18266922625284146_5712262136884811209_n-240x300.jpg\" class=\"attachment-medium size-medium wp-post-image\" alt=\"\" style=\"max-width:200px;max-height:200px;\" srcset=\"https:\/\/gallaghers.com.es\/wp-content\/uploads\/2025\/03\/484086414_18266922625284146_5712262136884811209_n-240x300.jpg 240w, https:\/\/gallaghers.com.es\/wp-content\/uploads\/2025\/03\/484086414_18266922625284146_5712262136884811209_n-819x1024.jpg 819w, https:\/\/gallaghers.com.es\/wp-content\/uploads\/2025\/03\/484086414_18266922625284146_5712262136884811209_n-768x960.jpg 768w, https:\/\/gallaghers.com.es\/wp-content\/uploads\/2025\/03\/484086414_18266922625284146_5712262136884811209_n-50x63.jpg 50w, https:\/\/gallaghers.com.es\/wp-content\/uploads\/2025\/03\/484086414_18266922625284146_5712262136884811209_n-1229x1536.jpg 1229w, https:\/\/gallaghers.com.es\/wp-content\/uploads\/2025\/03\/484086414_18266922625284146_5712262136884811209_n.jpg 1440w\" sizes=\"(max-width: 240px) 100vw, 240px\" \/><\/a><\/div><a class=\"wp-block-latest-posts__post-title\" href=\"https:\/\/gallaghers.com.es\/index.php\/2025\/03\/16\/san-patricks-2025-22-anos-celebrando-con-clientes-y-amigos\/\">San Patricks 2025, 22 a\u00f1os celebrando con clientes y amigos \u2026!<\/a><div class=\"wp-block-latest-posts__post-excerpt\"><\/div><\/li>\n<li><div class=\"wp-block-latest-posts__featured-image aligncenter\"><a href=\"https:\/\/gallaghers.com.es\/index.php\/2025\/03\/15\/https-gallaghers-com-es\/\" aria-label=\"https:\/\/gallaghers.com.es\/\"><img loading=\"lazy\" decoding=\"async\" width=\"240\" height=\"300\" src=\"https:\/\/gallaghers.com.es\/wp-content\/uploads\/2025\/03\/483665698_18266745502284146_2830833269515364309_n-240x300.jpg\" class=\"attachment-medium size-medium wp-post-image\" alt=\"\" style=\"max-width:200px;max-height:200px;\" srcset=\"https:\/\/gallaghers.com.es\/wp-content\/uploads\/2025\/03\/483665698_18266745502284146_2830833269515364309_n-240x300.jpg 240w, https:\/\/gallaghers.com.es\/wp-content\/uploads\/2025\/03\/483665698_18266745502284146_2830833269515364309_n-819x1024.jpg 819w, https:\/\/gallaghers.com.es\/wp-content\/uploads\/2025\/03\/483665698_18266745502284146_2830833269515364309_n-768x960.jpg 768w, https:\/\/gallaghers.com.es\/wp-content\/uploads\/2025\/03\/483665698_18266745502284146_2830833269515364309_n-50x63.jpg 50w, https:\/\/gallaghers.com.es\/wp-content\/uploads\/2025\/03\/483665698_18266745502284146_2830833269515364309_n-1229x1536.jpg 1229w, https:\/\/gallaghers.com.es\/wp-content\/uploads\/2025\/03\/483665698_18266745502284146_2830833269515364309_n.jpg 1440w\" sizes=\"(max-width: 240px) 100vw, 240px\" \/><\/a><\/div><a class=\"wp-block-latest-posts__post-title\" href=\"https:\/\/gallaghers.com.es\/index.php\/2025\/03\/15\/https-gallaghers-com-es\/\">https:\/\/gallaghers.com.es\/<\/a><div class=\"wp-block-latest-posts__post-excerpt\"><\/div><\/li>\n<li><div class=\"wp-block-latest-posts__featured-image aligncenter\"><a href=\"https:\/\/gallaghers.com.es\/index.php\/2025\/03\/13\/san-patricio-2025-se-celebra-aqui-%e2%98%98%ef%b8%8fpreparate-para-un-fin-de-semana-lleno-de-tradicion-irlandesa-disfruta-con-guinness-y-gana-premios-exclusivos-ademas-de-disfrutar-de-la-mejo\/\" aria-label=\"\u00a1San Patricio 2025 se celebra aqu\u00ed! \u2618\ufe0fPrep\u00e1rate para un fin de semana lleno de tradici\u00f3n irlandesa, disfruta con Guinness y gana premios exclusivos, adem\u00e1s de disfrutar de la mejor m\u00fasica en vivo y degustar un men\u00fa t\u00edpico irland\u00e9s.V\u00edstete de verde, levanta tu pinta y brinda con nosotros. \u00a1Sl\u00e1inte! \ud83c\udff4\u200d\u2618\ufe0f\"><img loading=\"lazy\" decoding=\"async\" width=\"240\" height=\"300\" src=\"https:\/\/gallaghers.com.es\/wp-content\/uploads\/2025\/03\/483839375_18266502337284146_2354997810420097179_n-240x300.jpg\" class=\"attachment-medium size-medium wp-post-image\" alt=\"\" style=\"max-width:200px;max-height:200px;\" srcset=\"https:\/\/gallaghers.com.es\/wp-content\/uploads\/2025\/03\/483839375_18266502337284146_2354997810420097179_n-240x300.jpg 240w, https:\/\/gallaghers.com.es\/wp-content\/uploads\/2025\/03\/483839375_18266502337284146_2354997810420097179_n-819x1024.jpg 819w, https:\/\/gallaghers.com.es\/wp-content\/uploads\/2025\/03\/483839375_18266502337284146_2354997810420097179_n-768x960.jpg 768w, https:\/\/gallaghers.com.es\/wp-content\/uploads\/2025\/03\/483839375_18266502337284146_2354997810420097179_n-50x63.jpg 50w, https:\/\/gallaghers.com.es\/wp-content\/uploads\/2025\/03\/483839375_18266502337284146_2354997810420097179_n-1229x1536.jpg 1229w, https:\/\/gallaghers.com.es\/wp-content\/uploads\/2025\/03\/483839375_18266502337284146_2354997810420097179_n.jpg 1440w\" sizes=\"(max-width: 240px) 100vw, 240px\" \/><\/a><\/div><a class=\"wp-block-latest-posts__post-title\" href=\"https:\/\/gallaghers.com.es\/index.php\/2025\/03\/13\/san-patricio-2025-se-celebra-aqui-%e2%98%98%ef%b8%8fpreparate-para-un-fin-de-semana-lleno-de-tradicion-irlandesa-disfruta-con-guinness-y-gana-premios-exclusivos-ademas-de-disfrutar-de-la-mejo\/\">\u00a1San Patricio 2025 se celebra aqu\u00ed! \u2618\ufe0fPrep\u00e1rate para un fin de semana lleno de tradici\u00f3n irlandesa, disfruta con Guinness y gana premios exclusivos, adem\u00e1s de disfrutar de la mejor m\u00fasica en vivo y degustar un men\u00fa t\u00edpico irland\u00e9s.V\u00edstete de verde, levanta tu pinta y brinda con nosotros. \u00a1Sl\u00e1inte! \ud83c\udff4\u200d\u2618\ufe0f<\/a><div class=\"wp-block-latest-posts__post-excerpt\"><\/div><\/li>\n<li><div class=\"wp-block-latest-posts__featured-image aligncenter\"><a href=\"https:\/\/gallaghers.com.es\/index.php\/2025\/03\/07\/instagram-10\/\" aria-label=\"Instagram\"><img loading=\"lazy\" decoding=\"async\" width=\"240\" height=\"300\" src=\"https:\/\/gallaghers.com.es\/wp-content\/uploads\/2025\/03\/483094906_18265693726284146_6898325018299420145_n-240x300.jpg\" class=\"attachment-medium size-medium wp-post-image\" alt=\"\" style=\"max-width:200px;max-height:200px;\" srcset=\"https:\/\/gallaghers.com.es\/wp-content\/uploads\/2025\/03\/483094906_18265693726284146_6898325018299420145_n-240x300.jpg 240w, https:\/\/gallaghers.com.es\/wp-content\/uploads\/2025\/03\/483094906_18265693726284146_6898325018299420145_n-819x1024.jpg 819w, https:\/\/gallaghers.com.es\/wp-content\/uploads\/2025\/03\/483094906_18265693726284146_6898325018299420145_n-768x960.jpg 768w, https:\/\/gallaghers.com.es\/wp-content\/uploads\/2025\/03\/483094906_18265693726284146_6898325018299420145_n-50x63.jpg 50w, https:\/\/gallaghers.com.es\/wp-content\/uploads\/2025\/03\/483094906_18265693726284146_6898325018299420145_n-1229x1536.jpg 1229w, https:\/\/gallaghers.com.es\/wp-content\/uploads\/2025\/03\/483094906_18265693726284146_6898325018299420145_n.jpg 1440w\" sizes=\"(max-width: 240px) 100vw, 240px\" \/><\/a><\/div><a class=\"wp-block-latest-posts__post-title\" href=\"https:\/\/gallaghers.com.es\/index.php\/2025\/03\/07\/instagram-10\/\">Instagram<\/a><div class=\"wp-block-latest-posts__post-excerpt\"><\/div><\/li>\n<li><div class=\"wp-block-latest-posts__featured-image aligncenter\"><a href=\"https:\/\/gallaghers.com.es\/index.php\/2025\/03\/07\/instagram-9\/\" aria-label=\"Instagram\"><\/a><\/div><a class=\"wp-block-latest-posts__post-title\" href=\"https:\/\/gallaghers.com.es\/index.php\/2025\/03\/07\/instagram-9\/\">Instagram<\/a><div class=\"wp-block-latest-posts__post-excerpt\"><\/div><\/li>\n<li><div class=\"wp-block-latest-posts__featured-image aligncenter\"><a href=\"https:\/\/gallaghers.com.es\/index.php\/2025\/03\/07\/instagram-8\/\" aria-label=\"Instagram\"><\/a><\/div><a class=\"wp-block-latest-posts__post-title\" href=\"https:\/\/gallaghers.com.es\/index.php\/2025\/03\/07\/instagram-8\/\">Instagram<\/a><div class=\"wp-block-latest-posts__post-excerpt\"><\/div><\/li>\n<li><div class=\"wp-block-latest-posts__featured-image aligncenter\"><a href=\"https:\/\/gallaghers.com.es\/index.php\/2025\/03\/07\/instagram-7\/\" aria-label=\"Instagram\"><\/a><\/div><a class=\"wp-block-latest-posts__post-title\" href=\"https:\/\/gallaghers.com.es\/index.php\/2025\/03\/07\/instagram-7\/\">Instagram<\/a><div class=\"wp-block-latest-posts__post-excerpt\"><\/div><\/li>\n<\/ul><\/div>\n\n\n\n<div class=\"wp-block-column has-border-color is-layout-flow wp-container-core-column-is-layout-2 wp-block-column-is-layout-flow\" style=\"border-color:#37913733;border-width:1px;padding-top:var(--wp--preset--spacing--30);padding-right:var(--wp--preset--spacing--20);padding-bottom:var(--wp--preset--spacing--30);padding-left:var(--wp--preset--spacing--20)\">\n<p class=\"has-text-align-center has-background has-medium-font-size\" style=\"background-color:#3791371f\"><strong>FIESTAS TEM\u00c1TICAS<\/strong><\/p>\n\n\n<ul style=\"padding-top:var(--wp--preset--spacing--40);padding-bottom:var(--wp--preset--spacing--40);margin-top:0;margin-bottom:0;\" class=\"wp-block-latest-posts__list aligncenter wp-block-latest-posts\"><li><div class=\"wp-block-latest-posts__featured-image aligncenter\"><a href=\"https:\/\/gallaghers.com.es\/index.php\/2025\/01\/30\/concierto-rodriguez-celtic-band-marzo-2025\/\" aria-label=\"Concierto Rodr\u00edguez Celtic band, Marzo 2025\"><img loading=\"lazy\" decoding=\"async\" width=\"211\" height=\"300\" src=\"https:\/\/gallaghers.com.es\/wp-content\/uploads\/2025\/01\/Rodriguez_Celtic_Band-211x300.jpg\" class=\"attachment-medium size-medium wp-post-image\" alt=\"\" style=\"max-width:200px;max-height:200px;\" srcset=\"https:\/\/gallaghers.com.es\/wp-content\/uploads\/2025\/01\/Rodriguez_Celtic_Band-211x300.jpg 211w, https:\/\/gallaghers.com.es\/wp-content\/uploads\/2025\/01\/Rodriguez_Celtic_Band-720x1024.jpg 720w, https:\/\/gallaghers.com.es\/wp-content\/uploads\/2025\/01\/Rodriguez_Celtic_Band-768x1092.jpg 768w, https:\/\/gallaghers.com.es\/wp-content\/uploads\/2025\/01\/Rodriguez_Celtic_Band-50x71.jpg 50w, https:\/\/gallaghers.com.es\/wp-content\/uploads\/2025\/01\/Rodriguez_Celtic_Band-1080x1536.jpg 1080w, https:\/\/gallaghers.com.es\/wp-content\/uploads\/2025\/01\/Rodriguez_Celtic_Band.jpg 1179w\" sizes=\"(max-width: 211px) 100vw, 211px\" \/><\/a><\/div><a class=\"wp-block-latest-posts__post-title\" href=\"https:\/\/gallaghers.com.es\/index.php\/2025\/01\/30\/concierto-rodriguez-celtic-band-marzo-2025\/\">Concierto Rodr\u00edguez Celtic band, Marzo 2025<\/a><div class=\"wp-block-latest-posts__post-excerpt\">No te pierdas este 16 de Marzo a las 21:30h el concierto\u2026 <a href=\"https:\/\/gallaghers.com.es\/index.php\/2025\/01\/30\/concierto-rodriguez-celtic-band-marzo-2025\/\" rel=\"noopener noreferrer\">Leer m\u00e1s<span class=\"screen-reader-text\">: Concierto Rodr\u00edguez Celtic band, Marzo 2025<\/span><\/a><\/div><\/li>\n<li><div class=\"wp-block-latest-posts__featured-image aligncenter\"><a href=\"https:\/\/gallaghers.com.es\/index.php\/2025\/01\/30\/calendario-de-conciertos-febrero-2025\/\" aria-label=\"Calendario de conciertos febrero 2025\"><img loading=\"lazy\" decoding=\"async\" width=\"212\" height=\"300\" src=\"https:\/\/gallaghers.com.es\/wp-content\/uploads\/2025\/01\/Live_Music-212x300.jpg\" class=\"attachment-medium size-medium wp-post-image\" alt=\"\" style=\"max-width:200px;max-height:200px;\" srcset=\"https:\/\/gallaghers.com.es\/wp-content\/uploads\/2025\/01\/Live_Music-212x300.jpg 212w, https:\/\/gallaghers.com.es\/wp-content\/uploads\/2025\/01\/Live_Music-724x1024.jpg 724w, https:\/\/gallaghers.com.es\/wp-content\/uploads\/2025\/01\/Live_Music-768x1086.jpg 768w, https:\/\/gallaghers.com.es\/wp-content\/uploads\/2025\/01\/Live_Music-50x71.jpg 50w, https:\/\/gallaghers.com.es\/wp-content\/uploads\/2025\/01\/Live_Music-1086x1536.jpg 1086w, https:\/\/gallaghers.com.es\/wp-content\/uploads\/2025\/01\/Live_Music.jpg 1448w\" sizes=\"(max-width: 212px) 100vw, 212px\" \/><\/a><\/div><a class=\"wp-block-latest-posts__post-title\" href=\"https:\/\/gallaghers.com.es\/index.php\/2025\/01\/30\/calendario-de-conciertos-febrero-2025\/\">Calendario de conciertos febrero 2025<\/a><div class=\"wp-block-latest-posts__post-excerpt\">Aqu\u00ed est\u00e1 el calendario de conciertos del mes de febrero\ud83c\udfb6Disfruta los jueves\u2026 <a href=\"https:\/\/gallaghers.com.es\/index.php\/2025\/01\/30\/calendario-de-conciertos-febrero-2025\/\" rel=\"noopener noreferrer\">Leer m\u00e1s<span class=\"screen-reader-text\">: Calendario de conciertos febrero 2025<\/span><\/a><\/div><\/li>\n<li><div class=\"wp-block-latest-posts__featured-image aligncenter\"><a href=\"https:\/\/gallaghers.com.es\/index.php\/2024\/05\/02\/concierto-st-patricks-day\/\" aria-label=\"Concierto St. Patrick&#8217;s Day\"><img loading=\"lazy\" decoding=\"async\" width=\"212\" height=\"300\" src=\"https:\/\/gallaghers.com.es\/wp-content\/uploads\/2024\/05\/IMG-20240502-WA0023-212x300.jpg\" class=\"attachment-medium size-medium wp-post-image\" alt=\"\" style=\"max-width:200px;max-height:200px;\" srcset=\"https:\/\/gallaghers.com.es\/wp-content\/uploads\/2024\/05\/IMG-20240502-WA0023-212x300.jpg 212w, https:\/\/gallaghers.com.es\/wp-content\/uploads\/2024\/05\/IMG-20240502-WA0023-724x1024.jpg 724w, https:\/\/gallaghers.com.es\/wp-content\/uploads\/2024\/05\/IMG-20240502-WA0023-768x1086.jpg 768w, https:\/\/gallaghers.com.es\/wp-content\/uploads\/2024\/05\/IMG-20240502-WA0023-50x71.jpg 50w, https:\/\/gallaghers.com.es\/wp-content\/uploads\/2024\/05\/IMG-20240502-WA0023-1086x1536.jpg 1086w, https:\/\/gallaghers.com.es\/wp-content\/uploads\/2024\/05\/IMG-20240502-WA0023.jpg 1131w\" sizes=\"(max-width: 212px) 100vw, 212px\" \/><\/a><\/div><a class=\"wp-block-latest-posts__post-title\" href=\"https:\/\/gallaghers.com.es\/index.php\/2024\/05\/02\/concierto-st-patricks-day\/\">Concierto St. Patrick&#8217;s Day<\/a><div class=\"wp-block-latest-posts__post-excerpt\">Llega de nuevo San Patricio, d\u00eda de Irlanda, y qu\u00e9 mejor que\u2026 <a href=\"https:\/\/gallaghers.com.es\/index.php\/2024\/05\/02\/concierto-st-patricks-day\/\" rel=\"noopener noreferrer\">Leer m\u00e1s<span class=\"screen-reader-text\">: Concierto St. Patrick&#8217;s Day<\/span><\/a><\/div><\/li>\n<li><div class=\"wp-block-latest-posts__featured-image aligncenter\"><a href=\"https:\/\/gallaghers.com.es\/index.php\/2024\/03\/17\/fiesta-san-patricio\/\" aria-label=\"Fiesta San Patricio\"><img loading=\"lazy\" decoding=\"async\" width=\"213\" height=\"300\" src=\"https:\/\/gallaghers.com.es\/wp-content\/uploads\/2024\/03\/8-213x300.jpg\" class=\"attachment-medium size-medium wp-post-image\" alt=\"\" style=\"max-width:200px;max-height:200px;\" srcset=\"https:\/\/gallaghers.com.es\/wp-content\/uploads\/2024\/03\/8-213x300.jpg 213w, https:\/\/gallaghers.com.es\/wp-content\/uploads\/2024\/03\/8-727x1024.jpg 727w, https:\/\/gallaghers.com.es\/wp-content\/uploads\/2024\/03\/8-768x1081.jpg 768w, https:\/\/gallaghers.com.es\/wp-content\/uploads\/2024\/03\/8-50x70.jpg 50w, https:\/\/gallaghers.com.es\/wp-content\/uploads\/2024\/03\/8-1091x1536.jpg 1091w, https:\/\/gallaghers.com.es\/wp-content\/uploads\/2024\/03\/8.jpg 1179w\" sizes=\"(max-width: 213px) 100vw, 213px\" \/><\/a><\/div><a class=\"wp-block-latest-posts__post-title\" href=\"https:\/\/gallaghers.com.es\/index.php\/2024\/03\/17\/fiesta-san-patricio\/\">Fiesta San Patricio<\/a><div class=\"wp-block-latest-posts__post-excerpt\">Celebra en Granada el D\u00eda de San Patricio con una buena pinta\u2026 <a href=\"https:\/\/gallaghers.com.es\/index.php\/2024\/03\/17\/fiesta-san-patricio\/\" rel=\"noopener noreferrer\">Leer m\u00e1s<span class=\"screen-reader-text\">: Fiesta San Patricio<\/span><\/a><\/div><\/li>\n<li><div class=\"wp-block-latest-posts__featured-image aligncenter\"><a href=\"https:\/\/gallaghers.com.es\/index.php\/2024\/02\/02\/ven-a-disfrutar-del-seis-naciones\/\" aria-label=\"Ven a disfrutar del Seis Naciones\"><img loading=\"lazy\" decoding=\"async\" width=\"244\" height=\"300\" src=\"https:\/\/gallaghers.com.es\/wp-content\/uploads\/2024\/05\/IMG-20240502-WA0022-244x300.jpg\" class=\"attachment-medium size-medium wp-post-image\" alt=\"\" style=\"max-width:200px;max-height:200px;\" srcset=\"https:\/\/gallaghers.com.es\/wp-content\/uploads\/2024\/05\/IMG-20240502-WA0022-244x300.jpg 244w, https:\/\/gallaghers.com.es\/wp-content\/uploads\/2024\/05\/IMG-20240502-WA0022-832x1024.jpg 832w, https:\/\/gallaghers.com.es\/wp-content\/uploads\/2024\/05\/IMG-20240502-WA0022-768x945.jpg 768w, https:\/\/gallaghers.com.es\/wp-content\/uploads\/2024\/05\/IMG-20240502-WA0022-50x62.jpg 50w, https:\/\/gallaghers.com.es\/wp-content\/uploads\/2024\/05\/IMG-20240502-WA0022.jpg 1138w\" sizes=\"(max-width: 244px) 100vw, 244px\" \/><\/a><\/div><a class=\"wp-block-latest-posts__post-title\" href=\"https:\/\/gallaghers.com.es\/index.php\/2024\/02\/02\/ven-a-disfrutar-del-seis-naciones\/\">Ven a disfrutar del Seis Naciones<\/a><div class=\"wp-block-latest-posts__post-excerpt\">Disfruta en directo el torneo Seis Naciones con nosotros: Viernes 2 de\u2026 <a href=\"https:\/\/gallaghers.com.es\/index.php\/2024\/02\/02\/ven-a-disfrutar-del-seis-naciones\/\" rel=\"noopener noreferrer\">Leer m\u00e1s<span class=\"screen-reader-text\">: Ven a disfrutar del Seis Naciones<\/span><\/a><\/div><\/li>\n<\/ul><\/div>\n<\/div>\n\n\n\n<div class=\"wp-block-columns is-layout-flex wp-container-core-columns-is-layout-2 wp-block-columns-is-layout-flex\">\n<div class=\"wp-block-column is-layout-flow wp-block-column-is-layout-flow\"><\/div>\n\n\n\n<div class=\"wp-block-column is-layout-flow wp-block-column-is-layout-flow\"><\/div>\n\n\n\n<div class=\"wp-block-column is-layout-flow wp-block-column-is-layout-flow\"><\/div>\n<\/div>\n","protected":false},"excerpt":{"rendered":"<p>PROMOCIONES FIESTAS TEM\u00c1TICAS<\/p>\n","protected":false},"author":1,"featured_media":0,"parent":0,"menu_order":0,"comment_status":"closed","ping_status":"closed","template":"","meta":{"site-sidebar-layout":"default","site-content-layout":"","ast-site-content-layout":"","site-content-style":"default","site-sidebar-style":"default","ast-global-header-display":"","ast-banner-title-visibility":"","ast-main-header-display":"","ast-hfb-above-header-display":"","ast-hfb-below-header-display":"","ast-hfb-mobile-header-display":"","site-post-title":"","ast-breadcrumbs-content":"","ast-featured-img":"","footer-sml-layout":"","theme-transparent-header-meta":"","adv-header-id-meta":"","stick-header-meta":"","header-above-stick-meta":"","header-main-stick-meta":"","header-below-stick-meta":"","astra-migrate-meta-layouts":"default","ast-page-background-enabled":"default","ast-page-background-meta":{"desktop":{"background-color":"var(--ast-global-color-4)","background-image":"","background-repeat":"repeat","background-position":"center center","background-size":"auto","background-attachment":"scroll","background-type":"","background-media":"","overlay-type":"","overlay-color":"","overlay-opacity":"","overlay-gradient":""},"tablet":{"background-color":"","background-image":"","background-repeat":"repeat","background-position":"center center","background-size":"auto","background-attachment":"scroll","background-type":"","background-media":"","overlay-type":"","overlay-color":"","overlay-opacity":"","overlay-gradient":""},"mobile":{"background-color":"","background-image":"","background-repeat":"repeat","background-position":"center center","background-size":"auto","background-attachment":"scroll","background-type":"","background-media":"","overlay-type":"","overlay-color":"","overlay-opacity":"","overlay-gradient":""}},"ast-content-background-meta":{"desktop":{"background-color":"var(--ast-global-color-5)","background-image":"","background-repeat":"repeat","background-position":"center center","background-size":"auto","background-attachment":"scroll","background-type":"","background-media":"","overlay-type":"","overlay-color":"","overlay-opacity":"","overlay-gradient":""},"tablet":{"background-color":"var(--ast-global-color-5)","background-image":"","background-repeat":"repeat","background-position":"center center","background-size":"auto","background-attachment":"scroll","background-type":"","background-media":"","overlay-type":"","overlay-color":"","overlay-opacity":"","overlay-gradient":""},"mobile":{"background-color":"var(--ast-global-color-5)","background-image":"","background-repeat":"repeat","background-position":"center center","background-size":"auto","background-attachment":"scroll","background-type":"","background-media":"","overlay-type":"","overlay-color":"","overlay-opacity":"","overlay-gradient":""}},"ngg_post_thumbnail":0,"footnotes":""},"_links":{"self":[{"href":"https:\/\/gallaghers.com.es\/index.php\/wp-json\/wp\/v2\/pages\/41"}],"collection":[{"href":"https:\/\/gallaghers.com.es\/index.php\/wp-json\/wp\/v2\/pages"}],"about":[{"href":"https:\/\/gallaghers.com.es\/index.php\/wp-json\/wp\/v2\/types\/page"}],"author":[{"embeddable":true,"href":"https:\/\/gallaghers.com.es\/index.php\/wp-json\/wp\/v2\/users\/1"}],"replies":[{"embeddable":true,"href":"https:\/\/gallaghers.com.es\/index.php\/wp-json\/wp\/v2\/comments?post=41"}],"version-history":[{"count":54,"href":"https:\/\/gallaghers.com.es\/index.php\/wp-json\/wp\/v2\/pages\/41\/revisions"}],"predecessor-version":[{"id":1071,"href":"https:\/\/gallaghers.com.es\/index.php\/wp-json\/wp\/v2\/pages\/41\/revisions\/1071"}],"wp:attachment":[{"href":"https:\/\/gallaghers.com.es\/index.php\/wp-json\/wp\/v2\/media?parent=41"}],"curies":[{"name":"wp","href":"https:\/\/api.w.org\/{rel}","templated":true}]}}