{"id":765,"date":"2024-05-13T12:20:30","date_gmt":"2024-05-13T10:20:30","guid":{"rendered":"https:\/\/gallaghers.com.es\/?page_id=765"},"modified":"2025-06-16T08:28:40","modified_gmt":"2025-06-16T06:28:40","slug":"inicio","status":"publish","type":"page","link":"https:\/\/gallaghers.com.es\/","title":{"rendered":"Inicio"},"content":{"rendered":"\n<hr class=\"wp-block-separator has-text-color has-ast-global-color-1-color has-alpha-channel-opacity has-ast-global-color-1-background-color has-background is-style-dots\"\/>\n\n\n\t\t<div id=\"instagram-gallery-feed-qligg-0\" class=\"instagram-gallery-feed\" data-feed=\"{&quot;id&quot;:&quot;qligg-0&quot;,&quot;account_id&quot;:&quot;8875898152448052&quot;,&quot;limit&quot;:10,&quot;responsive&quot;:{&quot;desktop&quot;:{&quot;columns&quot;:5,&quot;spacing&quot;:2},&quot;tablet&quot;:{&quot;columns&quot;:2,&quot;spacing&quot;:8},&quot;mobile&quot;:{&quot;columns&quot;:1,&quot;spacing&quot;:6},&quot;breakpoints&quot;:{&quot;tablet&quot;:768,&quot;mobile&quot;:480}},&quot;mask&quot;:{&quot;display&quot;:false,&quot;background&quot;:&quot;#000000&quot;,&quot;icon_color&quot;:&quot;#ffffff&quot;,&quot;likes_count&quot;:true,&quot;comments_count&quot;:true},&quot;button&quot;:{&quot;display&quot;:true,&quot;text&quot;:&quot;Ver en Instagram&quot;,&quot;text_color&quot;:&quot;#ffff&quot;,&quot;background&quot;:&quot;&quot;,&quot;background_hover&quot;:&quot;&quot;},&quot;source&quot;:&quot;username&quot;,&quot;tag&quot;:&quot;wordpress&quot;,&quot;order_by&quot;:&quot;top_media&quot;,&quot;layout&quot;:&quot;gallery&quot;,&quot;columns&quot;:3,&quot;spacing&quot;:10,&quot;lazy&quot;:false,&quot;highlight&quot;:{&quot;tag&quot;:&quot;&quot;,&quot;id&quot;:&quot;&quot;,&quot;position&quot;:&quot;1,3,5&quot;},&quot;reel&quot;:{&quot;hide&quot;:false},&quot;copyright&quot;:{&quot;hide&quot;:false,&quot;placeholder&quot;:&quot;&quot;},&quot;profile&quot;:{&quot;display&quot;:false,&quot;username&quot;:&quot;&quot;,&quot;nickname&quot;:&quot;&quot;,&quot;website&quot;:&quot;&quot;,&quot;biography&quot;:&quot;&quot;,&quot;link_text&quot;:&quot;Follow&quot;,&quot;website_text&quot;:&quot;Website&quot;,&quot;avatar&quot;:&quot;&quot;},&quot;box&quot;:{&quot;display&quot;:false,&quot;padding&quot;:1,&quot;radius&quot;:0,&quot;background&quot;:&quot;#fefefe&quot;,&quot;profile&quot;:false,&quot;desc&quot;:&quot;&quot;,&quot;text_color&quot;:&quot;#000000&quot;},&quot;card&quot;:{&quot;display&quot;:false,&quot;radius&quot;:1,&quot;font_size&quot;:12,&quot;background&quot;:&quot;#ffffff&quot;,&quot;background_hover&quot;:&quot;&quot;,&quot;text_color&quot;:&quot;#000000&quot;,&quot;padding&quot;:5,&quot;likes_count&quot;:true,&quot;text_length&quot;:10,&quot;comments_count&quot;:true,&quot;text_align&quot;:&quot;left&quot;},&quot;carousel&quot;:{&quot;slidespv&quot;:5,&quot;centered_slides&quot;:false,&quot;autoplay&quot;:false,&quot;autoplay_interval&quot;:3000,&quot;navarrows&quot;:true,&quot;navarrows_color&quot;:&quot;&quot;,&quot;pagination&quot;:true,&quot;pagination_color&quot;:&quot;&quot;},&quot;modal&quot;:{&quot;display&quot;:true,&quot;profile&quot;:true,&quot;media_description&quot;:true,&quot;likes_count&quot;:true,&quot;comments_count&quot;:true,&quot;comments_list&quot;:false,&quot;text_align&quot;:&quot;left&quot;,&quot;modal_align&quot;:&quot;right&quot;,&quot;text_length&quot;:10000,&quot;font_size&quot;:12},&quot;button_load&quot;:{&quot;display&quot;:false,&quot;text&quot;:&quot;Load more...&quot;,&quot;text_color&quot;:&quot;#ffff&quot;,&quot;background&quot;:&quot;&quot;,&quot;background_hover&quot;:&quot;&quot;}}\">\n\t\t<!-- <FeedContainer\/> -->\n\t\t<\/div>\n\t\t\n\n\n<figure class=\"wp-block-image alignwide size-full\"><img loading=\"lazy\" decoding=\"async\" width=\"1500\" height=\"200\" src=\"https:\/\/gallaghers.com.es\/wp-content\/uploads\/2024\/05\/fondo_logo_.jpg\" alt=\"\" class=\"wp-image-612\" srcset=\"https:\/\/gallaghers.com.es\/wp-content\/uploads\/2024\/05\/fondo_logo_.jpg 1500w, https:\/\/gallaghers.com.es\/wp-content\/uploads\/2024\/05\/fondo_logo_-300x40.jpg 300w, https:\/\/gallaghers.com.es\/wp-content\/uploads\/2024\/05\/fondo_logo_-1024x137.jpg 1024w, https:\/\/gallaghers.com.es\/wp-content\/uploads\/2024\/05\/fondo_logo_-768x102.jpg 768w, https:\/\/gallaghers.com.es\/wp-content\/uploads\/2024\/05\/fondo_logo_-50x7.jpg 50w\" sizes=\"(max-width: 1500px) 100vw, 1500px\" \/><\/figure>\n\n\n\n<div class=\"wp-block-group is-layout-constrained wp-block-group-is-layout-constrained\">\n<div class=\"wp-block-columns is-layout-flex wp-container-core-columns-is-layout-1 wp-block-columns-is-layout-flex\">\n<div class=\"wp-block-column is-layout-flow wp-block-column-is-layout-flow\" style=\"flex-basis:66.66%\">\n<p><br>En el coraz\u00f3n de <strong>La Zubia<\/strong>, se encuentra un tesoro gastron\u00f3mico con m\u00e1s de dos d\u00e9cadas de legado. Este establecimiento local no solo ofrece una exquisita variedad de viandas para todos los gustos, sino que tambi\u00e9n es un<strong> santuario para los amantes de la cerveza<\/strong>, con una selecci\u00f3n que abarca desde lo cl\u00e1sico hasta lo m\u00e1s exclusivo, con la emblem\u00e1tica cerveza <strong>Guinness <\/strong>como su estandarte.<\/p>\n\n\n\n<p>Sum\u00e9rgete en la atm\u00f3sfera encantadora de un aut\u00e9ntico pub irland\u00e9s del siglo XVII, donde cada detalle evoca la <strong>calidez y el encanto de la vieja Irlanda<\/strong>. Aqu\u00ed, la historia se entrelaza con la hospitalidad, creando un ambiente acogedor que invita a disfrutar de momentos inolvidables.<\/p>\n\n\n\n<div class=\"wp-block-buttons is-content-justification-center is-layout-flex wp-container-core-buttons-is-layout-1 wp-block-buttons-is-layout-flex\">\n<div class=\"wp-block-button\"><a class=\"wp-block-button__link wp-element-button\" href=\"https:\/\/gallaghers.com.es\/index.php\/quienes-somos\/\" style=\"border-radius:5px\">Saber m\u00e1s sobre nosotros&#8230;<\/a><\/div>\n<\/div>\n<\/div>\n\n\n\n<div class=\"wp-block-column is-layout-flow wp-block-column-is-layout-flow\" style=\"flex-basis:33.33%\">\nngg_shortcode_0_placeholder\n<\/div>\n<\/div>\n<\/div>\n\n\n\n<hr class=\"wp-block-separator has-alpha-channel-opacity is-style-dots\"\/>\n\n\n\n<div class=\"wp-block-cover alignfull is-light\"><span aria-hidden=\"true\" class=\"wp-block-cover__background has-ast-global-color-8-background-color has-background-dim-40 has-background-dim\"><\/span><div class=\"wp-block-cover__inner-container is-layout-constrained wp-block-cover-is-layout-constrained\">\n<div class=\"wp-block-columns is-layout-flex wp-container-core-columns-is-layout-2 wp-block-columns-is-layout-flex\">\n<div class=\"wp-block-column is-layout-flow wp-block-column-is-layout-flow\">\n<p class=\"has-text-align-center has-ast-global-color-3-color has-text-color has-link-color wp-elements-900b27d7162c7bb94a4498ccacde6985\" style=\"font-size:24px\">.<\/p>\n\n\n\n<figure class=\"wp-block-image aligncenter size-medium\"><a href=\"https:\/\/www.google.com\/search?hl=es-ES&amp;gl=es&amp;q=Gallagher%27s+Irish+Tavern,+Cta.+Corvales,+2,+18140+La+Zubia,+Granada&amp;ludocid=4294185430039385731&amp;lsig=AB86z5XxVMsdUdiunm4z4C5zQL-v&amp;source=g.page.m.nr._&amp;laa=nmx-review-solicitation-recommendation-card#lrd=0xd71fb2a921db385:0x3b9802e5a527d683,3\" target=\"_blank\" rel=\"noreferrer noopener\"><img loading=\"lazy\" decoding=\"async\" width=\"240\" height=\"300\" src=\"https:\/\/gallaghers.com.es\/wp-content\/uploads\/2024\/04\/QR_gallaghers-240x300.jpg\" alt=\"\" class=\"wp-image-417\" srcset=\"https:\/\/gallaghers.com.es\/wp-content\/uploads\/2024\/04\/QR_gallaghers-240x300.jpg 240w, https:\/\/gallaghers.com.es\/wp-content\/uploads\/2024\/04\/QR_gallaghers-768x960.jpg 768w, https:\/\/gallaghers.com.es\/wp-content\/uploads\/2024\/04\/QR_gallaghers-50x63.jpg 50w, https:\/\/gallaghers.com.es\/wp-content\/uploads\/2024\/04\/QR_gallaghers.jpg 800w\" sizes=\"(max-width: 240px) 100vw, 240px\" \/><\/a><\/figure>\n<\/div>\n\n\n\n<div class=\"wp-block-column is-layout-flow wp-block-column-is-layout-flow\">\n<p class=\"has-text-align-left has-ast-global-color-0-color has-text-color has-link-color wp-elements-0bd8d064f906245cd4acdd40483f945a\" style=\"font-size:25px\"><strong>D\u00f3nde estamos:<\/strong><\/p>\n\n\n\n<iframe src=\"https:\/\/www.google.com\/maps\/embed?pb=!1m18!1m12!1m3!1d6363.082519461034!2d-3.5828776!3d37.116035999999994!2m3!1f0!2f0!3f0!3m2!1i1024!2i768!4f13.1!3m3!1m2!1s0xd71fb2a921db385%3A0x3b9802e5a527d683!2sGallagher&#39;s%20Irish%20Tavern!5e0!3m2!1ses!2ses!4v1714241163044!5m2!1ses!2ses\" width=\"400\" height=\"300\" style=\"border:0;\" allowfullscreen=\"\" loading=\"lazy\" referrerpolicy=\"no-referrer-when-downgrade\"><\/iframe>\n<\/div>\n<\/div>\n<\/div><\/div>\n","protected":false},"excerpt":{"rendered":"<p>En el coraz\u00f3n de La Zubia, se encuentra un tesoro gastron\u00f3mico con m\u00e1s de dos d\u00e9cadas de legado. Este establecimiento local no solo ofrece una exquisita variedad de viandas para todos los gustos, sino que tambi\u00e9n es un santuario para los amantes de la cerveza, con una selecci\u00f3n que abarca desde lo cl\u00e1sico hasta lo [&hellip;]<\/p>\n","protected":false},"author":1,"featured_media":0,"parent":0,"menu_order":0,"comment_status":"closed","ping_status":"closed","template":"","meta":{"site-sidebar-layout":"default","site-content-layout":"","ast-site-content-layout":"","site-content-style":"default","site-sidebar-style":"boxed","ast-global-header-display":"","ast-banner-title-visibility":"","ast-main-header-display":"","ast-hfb-above-header-display":"","ast-hfb-below-header-display":"","ast-hfb-mobile-header-display":"","site-post-title":"","ast-breadcrumbs-content":"","ast-featured-img":"","footer-sml-layout":"","theme-transparent-header-meta":"","adv-header-id-meta":"","stick-header-meta":"","header-above-stick-meta":"","header-main-stick-meta":"","header-below-stick-meta":"","astra-migrate-meta-layouts":"default","ast-page-background-enabled":"default","ast-page-background-meta":{"desktop":{"background-color":"var(--ast-global-color-4)","background-image":"","background-repeat":"repeat","background-position":"center center","background-size":"auto","background-attachment":"scroll","background-type":"","background-media":"","overlay-type":"","overlay-color":"","overlay-opacity":"","overlay-gradient":""},"tablet":{"background-color":"","background-image":"","background-repeat":"repeat","background-position":"center center","background-size":"auto","background-attachment":"scroll","background-type":"","background-media":"","overlay-type":"","overlay-color":"","overlay-opacity":"","overlay-gradient":""},"mobile":{"background-color":"","background-image":"","background-repeat":"repeat","background-position":"center center","background-size":"auto","background-attachment":"scroll","background-type":"","background-media":"","overlay-type":"","overlay-color":"","overlay-opacity":"","overlay-gradient":""}},"ast-content-background-meta":{"desktop":{"background-color":"var(--ast-global-color-5)","background-image":"","background-repeat":"repeat","background-position":"center center","background-size":"auto","background-attachment":"scroll","background-type":"","background-media":"","overlay-type":"","overlay-color":"","overlay-opacity":"","overlay-gradient":""},"tablet":{"background-color":"var(--ast-global-color-5)","background-image":"","background-repeat":"repeat","background-position":"center center","background-size":"auto","background-attachment":"scroll","background-type":"","background-media":"","overlay-type":"","overlay-color":"","overlay-opacity":"","overlay-gradient":""},"mobile":{"background-color":"var(--ast-global-color-5)","background-image":"","background-repeat":"repeat","background-position":"center center","background-size":"auto","background-attachment":"scroll","background-type":"","background-media":"","overlay-type":"","overlay-color":"","overlay-opacity":"","overlay-gradient":""}},"ngg_post_thumbnail":0,"footnotes":""},"_links":{"self":[{"href":"https:\/\/gallaghers.com.es\/index.php\/wp-json\/wp\/v2\/pages\/765"}],"collection":[{"href":"https:\/\/gallaghers.com.es\/index.php\/wp-json\/wp\/v2\/pages"}],"about":[{"href":"https:\/\/gallaghers.com.es\/index.php\/wp-json\/wp\/v2\/types\/page"}],"author":[{"embeddable":true,"href":"https:\/\/gallaghers.com.es\/index.php\/wp-json\/wp\/v2\/users\/1"}],"replies":[{"embeddable":true,"href":"https:\/\/gallaghers.com.es\/index.php\/wp-json\/wp\/v2\/comments?post=765"}],"version-history":[{"count":144,"href":"https:\/\/gallaghers.com.es\/index.php\/wp-json\/wp\/v2\/pages\/765\/revisions"}],"predecessor-version":[{"id":1356,"href":"https:\/\/gallaghers.com.es\/index.php\/wp-json\/wp\/v2\/pages\/765\/revisions\/1356"}],"wp:attachment":[{"href":"https:\/\/gallaghers.com.es\/index.php\/wp-json\/wp\/v2\/media?parent=765"}],"curies":[{"name":"wp","href":"https:\/\/api.w.org\/{rel}","templated":true}]}}