{"id":962,"date":"2024-05-21T11:09:45","date_gmt":"2024-05-21T09:09:45","guid":{"rendered":"https:\/\/gallaghers.com.es\/?page_id=962"},"modified":"2024-05-24T13:43:10","modified_gmt":"2024-05-24T11:43:10","slug":"blog","status":"publish","type":"page","link":"https:\/\/gallaghers.com.es\/index.php\/blog\/","title":{"rendered":"BLOG"},"content":{"rendered":"\n<div class=\"wp-block-columns is-layout-flex wp-container-core-columns-is-layout-1 wp-block-columns-is-layout-flex\">\n<div class=\"wp-block-column has-border-color is-layout-flow wp-container-core-column-is-layout-1 wp-block-column-is-layout-flow\" style=\"border-color:#37913757;border-width:1px;padding-top:var(--wp--preset--spacing--30);padding-right:var(--wp--preset--spacing--20);padding-bottom:var(--wp--preset--spacing--30);padding-left:var(--wp--preset--spacing--20)\">\n<p class=\"has-text-align-center has-background has-medium-font-size\" style=\"background-color:#3791371f\"><strong>BLOG<\/strong><\/p>\n\n\n<ul style=\"padding-top:var(--wp--preset--spacing--40);padding-bottom:var(--wp--preset--spacing--40);padding-left:var(--wp--preset--spacing--50);padding-right:var(--wp--preset--spacing--50);margin-top:0;margin-bottom:var(--wp--preset--spacing--30); font-size:16px;\" class=\"wp-block-latest-posts__list aligncenter wp-block-latest-posts\"><li><div class=\"wp-block-latest-posts__featured-image aligncenter\"><a href=\"https:\/\/gallaghers.com.es\/index.php\/2024\/05\/21\/fiesta-de-san-patricio-saint-patricks-day\/\" aria-label=\"Fiesta de San Patricio (Saint Patrick&#8217;s Day)\"><img loading=\"lazy\" decoding=\"async\" width=\"300\" height=\"200\" src=\"https:\/\/gallaghers.com.es\/wp-content\/uploads\/2024\/05\/st_patrick_2-300x200.jpg\" class=\"attachment-medium size-medium wp-post-image\" alt=\"\" style=\"\" srcset=\"https:\/\/gallaghers.com.es\/wp-content\/uploads\/2024\/05\/st_patrick_2-300x200.jpg 300w, https:\/\/gallaghers.com.es\/wp-content\/uploads\/2024\/05\/st_patrick_2-768x511.jpg 768w, https:\/\/gallaghers.com.es\/wp-content\/uploads\/2024\/05\/st_patrick_2-50x33.jpg 50w, https:\/\/gallaghers.com.es\/wp-content\/uploads\/2024\/05\/st_patrick_2.jpg 800w\" sizes=\"(max-width: 300px) 100vw, 300px\" \/><\/a><\/div><a class=\"wp-block-latest-posts__post-title\" href=\"https:\/\/gallaghers.com.es\/index.php\/2024\/05\/21\/fiesta-de-san-patricio-saint-patricks-day\/\">Fiesta de San Patricio (Saint Patrick&#8217;s Day)<\/a><div class=\"wp-block-latest-posts__post-excerpt\">La fiesta de San Patricio, que se celebra el 17 de marzo, es un gran evento en Irlanda y alrededor del mundo. En este d\u00eda se honra a San Patricio, Santo patr\u00f3n de Irlanda, quien jug\u00f3 un papel crucial en la cristianizaci\u00f3n del pa\u00eds. Seg\u00fan la leyenda, us\u00f3 un tr\u00e9bol\u2026 <a href=\"https:\/\/gallaghers.com.es\/index.php\/2024\/05\/21\/fiesta-de-san-patricio-saint-patricks-day\/\" rel=\"noopener noreferrer\">Leer m\u00e1s<span class=\"screen-reader-text\">: Fiesta de San Patricio (Saint Patrick&#8217;s Day)<\/span><\/a><\/div><\/li>\n<li><div class=\"wp-block-latest-posts__featured-image aligncenter\"><a href=\"https:\/\/gallaghers.com.es\/index.php\/2024\/05\/21\/historia-de-la-cerveza-en-irlanda\/\" aria-label=\"Historia de la Cerveza en Irlanda\"><img loading=\"lazy\" decoding=\"async\" width=\"300\" height=\"148\" src=\"https:\/\/gallaghers.com.es\/wp-content\/uploads\/2024\/05\/Sin-titulo-1-300x148.jpg\" class=\"attachment-medium size-medium wp-post-image\" alt=\"\" style=\"\" srcset=\"https:\/\/gallaghers.com.es\/wp-content\/uploads\/2024\/05\/Sin-titulo-1-300x148.jpg 300w, https:\/\/gallaghers.com.es\/wp-content\/uploads\/2024\/05\/Sin-titulo-1-768x378.jpg 768w, https:\/\/gallaghers.com.es\/wp-content\/uploads\/2024\/05\/Sin-titulo-1-50x25.jpg 50w, https:\/\/gallaghers.com.es\/wp-content\/uploads\/2024\/05\/Sin-titulo-1.jpg 974w\" sizes=\"(max-width: 300px) 100vw, 300px\" \/><\/a><\/div><a class=\"wp-block-latest-posts__post-title\" href=\"https:\/\/gallaghers.com.es\/index.php\/2024\/05\/21\/historia-de-la-cerveza-en-irlanda\/\">Historia de la Cerveza en Irlanda<\/a><div class=\"wp-block-latest-posts__post-excerpt\">La historia de la cerveza en Irlanda es un fascinante viaje que abarca siglos de tradici\u00f3n, innovaci\u00f3n y pasi\u00f3n. Desde sus humildes comienzos en la antig\u00fcedad hasta su posici\u00f3n actual como una de las bebidas m\u00e1s emblem\u00e1ticas del pa\u00eds, la cerveza ha jugado un papel fundamental en la cultura irlandesa.\u2026 <a href=\"https:\/\/gallaghers.com.es\/index.php\/2024\/05\/21\/historia-de-la-cerveza-en-irlanda\/\" rel=\"noopener noreferrer\">Leer m\u00e1s<span class=\"screen-reader-text\">: Historia de la Cerveza en Irlanda<\/span><\/a><\/div><\/li>\n<\/ul><\/div>\n<\/div>\n\n\n\n<div class=\"wp-block-columns is-layout-flex wp-container-core-columns-is-layout-2 wp-block-columns-is-layout-flex\">\n<div class=\"wp-block-column is-layout-flow wp-block-column-is-layout-flow\"><\/div>\n\n\n\n<div class=\"wp-block-column is-layout-flow wp-block-column-is-layout-flow\"><\/div>\n\n\n\n<div class=\"wp-block-column is-layout-flow wp-block-column-is-layout-flow\"><\/div>\n<\/div>\n","protected":false},"excerpt":{"rendered":"<p>BLOG<\/p>\n","protected":false},"author":1,"featured_media":0,"parent":0,"menu_order":0,"comment_status":"closed","ping_status":"closed","template":"","meta":{"site-sidebar-layout":"default","site-content-layout":"","ast-site-content-layout":"","site-content-style":"default","site-sidebar-style":"default","ast-global-header-display":"","ast-banner-title-visibility":"","ast-main-header-display":"","ast-hfb-above-header-display":"","ast-hfb-below-header-display":"","ast-hfb-mobile-header-display":"","site-post-title":"","ast-breadcrumbs-content":"","ast-featured-img":"","footer-sml-layout":"","theme-transparent-header-meta":"","adv-header-id-meta":"","stick-header-meta":"","header-above-stick-meta":"","header-main-stick-meta":"","header-below-stick-meta":"","astra-migrate-meta-layouts":"default","ast-page-background-enabled":"default","ast-page-background-meta":{"desktop":{"background-color":"var(--ast-global-color-4)","background-image":"","background-repeat":"repeat","background-position":"center center","background-size":"auto","background-attachment":"scroll","background-type":"","background-media":"","overlay-type":"","overlay-color":"","overlay-opacity":"","overlay-gradient":""},"tablet":{"background-color":"","background-image":"","background-repeat":"repeat","background-position":"center center","background-size":"auto","background-attachment":"scroll","background-type":"","background-media":"","overlay-type":"","overlay-color":"","overlay-opacity":"","overlay-gradient":""},"mobile":{"background-color":"","background-image":"","background-repeat":"repeat","background-position":"center center","background-size":"auto","background-attachment":"scroll","background-type":"","background-media":"","overlay-type":"","overlay-color":"","overlay-opacity":"","overlay-gradient":""}},"ast-content-background-meta":{"desktop":{"background-color":"var(--ast-global-color-5)","background-image":"","background-repeat":"repeat","background-position":"center center","background-size":"auto","background-attachment":"scroll","background-type":"","background-media":"","overlay-type":"","overlay-color":"","overlay-opacity":"","overlay-gradient":""},"tablet":{"background-color":"var(--ast-global-color-5)","background-image":"","background-repeat":"repeat","background-position":"center center","background-size":"auto","background-attachment":"scroll","background-type":"","background-media":"","overlay-type":"","overlay-color":"","overlay-opacity":"","overlay-gradient":""},"mobile":{"background-color":"var(--ast-global-color-5)","background-image":"","background-repeat":"repeat","background-position":"center center","background-size":"auto","background-attachment":"scroll","background-type":"","background-media":"","overlay-type":"","overlay-color":"","overlay-opacity":"","overlay-gradient":""}},"ngg_post_thumbnail":0,"footnotes":""},"_links":{"self":[{"href":"https:\/\/gallaghers.com.es\/index.php\/wp-json\/wp\/v2\/pages\/962"}],"collection":[{"href":"https:\/\/gallaghers.com.es\/index.php\/wp-json\/wp\/v2\/pages"}],"about":[{"href":"https:\/\/gallaghers.com.es\/index.php\/wp-json\/wp\/v2\/types\/page"}],"author":[{"embeddable":true,"href":"https:\/\/gallaghers.com.es\/index.php\/wp-json\/wp\/v2\/users\/1"}],"replies":[{"embeddable":true,"href":"https:\/\/gallaghers.com.es\/index.php\/wp-json\/wp\/v2\/comments?post=962"}],"version-history":[{"count":10,"href":"https:\/\/gallaghers.com.es\/index.php\/wp-json\/wp\/v2\/pages\/962\/revisions"}],"predecessor-version":[{"id":1073,"href":"https:\/\/gallaghers.com.es\/index.php\/wp-json\/wp\/v2\/pages\/962\/revisions\/1073"}],"wp:attachment":[{"href":"https:\/\/gallaghers.com.es\/index.php\/wp-json\/wp\/v2\/media?parent=962"}],"curies":[{"name":"wp","href":"https:\/\/api.w.org\/{rel}","templated":true}]}}